{"id":419,"date":"2025-09-01T19:45:34","date_gmt":"2025-09-01T19:45:34","guid":{"rendered":"https:\/\/bakonyiavocats.hu\/blog\/"},"modified":"2025-11-10T17:24:08","modified_gmt":"2025-11-10T17:24:08","slug":"blog","status":"publish","type":"page","link":"https:\/\/bakonyiavocats.hu\/en\/blog\/","title":{"rendered":"Blog"},"content":{"rendered":"\t\t<div data-elementor-type=\"wp-page\" data-elementor-id=\"419\" class=\"elementor elementor-419 elementor-229\" data-elementor-post-type=\"page\">\n\t\t\t\t<div class=\"elementor-element elementor-element-2ea6f18 e-flex e-con-boxed e-con e-parent\" data-id=\"2ea6f18\" data-element_type=\"container\" data-settings=\"{&quot;background_background&quot;:&quot;classic&quot;}\">\n\t\t\t\t\t<div class=\"e-con-inner\">\n\t\t<div class=\"elementor-element elementor-element-ef4e9c5 e-con-full e-flex e-con e-child\" data-id=\"ef4e9c5\" data-element_type=\"container\">\n\t\t\t\t<div class=\"elementor-element elementor-element-b6ffb44 elementor-widget elementor-widget-heading\" data-id=\"b6ffb44\" data-element_type=\"widget\" data-widget_type=\"heading.default\">\n\t\t\t\t\t<h2 class=\"elementor-heading-title elementor-size-default\">Blog<\/h2>\t\t\t\t<\/div>\n\t\t\t\t<div class=\"elementor-element elementor-element-ac6fb7f elementor-widget elementor-widget-text-editor\" data-id=\"ac6fb7f\" data-element_type=\"widget\" data-widget_type=\"text-editor.default\">\n\t\t\t\t\t\t\t\t\t<p>In our law firm&#8217;s blog, we write about current legal topics, practical experiences, and important legislative changes. <br>Through our articles, we aim not only to inform but also to provide guidance for navigating the world of law.<\/p>\t\t\t\t\t\t\t\t<\/div>\n\t\t\t\t<\/div>\n\t\t\t\t\t<\/div>\n\t\t\t\t<\/div>\n\t\t<div class=\"elementor-element elementor-element-8fb3414 e-flex e-con-boxed e-con e-parent\" data-id=\"8fb3414\" data-element_type=\"container\" data-settings=\"{&quot;background_background&quot;:&quot;classic&quot;}\">\n\t\t\t\t\t<div class=\"e-con-inner\">\n\t\t\t\t<div class=\"elementor-element elementor-element-7e1f4a5 elementor-posts--align-left elementor-grid-3 elementor-grid-tablet-2 elementor-grid-mobile-1 elementor-posts--thumbnail-top elementor-posts--show-avatar elementor-posts__hover-gradient elementor-widget elementor-widget-posts\" data-id=\"7e1f4a5\" data-element_type=\"widget\" data-settings=\"{&quot;cards_row_gap&quot;:{&quot;unit&quot;:&quot;px&quot;,&quot;size&quot;:30,&quot;sizes&quot;:[]},&quot;cards_columns&quot;:&quot;3&quot;,&quot;cards_columns_tablet&quot;:&quot;2&quot;,&quot;cards_columns_mobile&quot;:&quot;1&quot;,&quot;cards_row_gap_tablet&quot;:{&quot;unit&quot;:&quot;px&quot;,&quot;size&quot;:&quot;&quot;,&quot;sizes&quot;:[]},&quot;cards_row_gap_mobile&quot;:{&quot;unit&quot;:&quot;px&quot;,&quot;size&quot;:&quot;&quot;,&quot;sizes&quot;:[]}}\" data-widget_type=\"posts.cards\">\n\t\t\t\t<div class=\"elementor-widget-container\">\n\t\t\t\t\t\t\t<div class=\"elementor-posts-container elementor-posts elementor-posts--skin-cards elementor-grid\" role=\"list\">\n\t\t\t\t<article class=\"elementor-post elementor-grid-item post-606 post type-post status-publish format-standard hentry category-uncategorized\" role=\"listitem\">\n\t\t\t<div class=\"elementor-post__card\">\n\t\t\t\t<div class=\"elementor-post__text\">\n\t\t\t\t<h3 class=\"elementor-post__title\">\n\t\t\t<a href=\"https:\/\/bakonyiavocats.hu\/en\/2025\/11\/05\/companies-in-the-dock-criminal-liability-from-2026\/\" >\n\t\t\t\tCompanies in the Dock &#8211; Criminal Liability from 2026\t\t\t<\/a>\n\t\t<\/h3>\n\t\t\t\t<div class=\"elementor-post__excerpt\">\n\t\t\t<p>2026. From January 1st, fundamental changes will come into effect regarding the criminal liability of companies: not only natural persons, but companies can also face<\/p>\n\t\t<\/div>\n\t\t\n\t\t<a class=\"elementor-post__read-more\" href=\"https:\/\/bakonyiavocats.hu\/en\/2025\/11\/05\/companies-in-the-dock-criminal-liability-from-2026\/\" aria-label=\"Read more about Companies in the Dock &#8211; Criminal Liability from 2026\" tabindex=\"-1\" >\n\t\t\tRead more \u00bb\t\t<\/a>\n\n\t\t\t\t<\/div>\n\t\t\t\t\t<\/div>\n\t\t<\/article>\n\t\t\t\t<\/div>\n\t\t\n\t\t\t\t\t\t<\/div>\n\t\t\t\t<\/div>\n\t\t\t\t\t<\/div>\n\t\t\t\t<\/div>\n\t\t<div class=\"elementor-element elementor-element-f0844dc e-flex e-con-boxed e-con e-parent\" data-id=\"f0844dc\" data-element_type=\"container\">\n\t\t\t\t\t<div class=\"e-con-inner\">\n\t\t<div class=\"elementor-element elementor-element-90cbb31 e-con-full e-flex e-con e-child\" data-id=\"90cbb31\" data-element_type=\"container\" data-settings=\"{&quot;background_background&quot;:&quot;classic&quot;}\">\n\t\t\t\t<div class=\"elementor-element elementor-element-22428e8 elementor-widget__width-initial elementor-widget elementor-widget-html\" data-id=\"22428e8\" data-element_type=\"widget\" data-widget_type=\"html.default\">\n\t\t\t\t\t<!-- Leaflet CSS -->\r\n<link rel=\"stylesheet\" href=\"https:\/\/unpkg.com\/leaflet@1.9.4\/dist\/leaflet.css\">\r\n\r\n<style>\r\n  \/* Alap be\u00e1ll\u00edt\u00e1s: asztali n\u00e9zetben *\/\r\n  #map {\r\n    height: 550px;\r\n    border-radius: 30px;\r\n    overflow: hidden;\r\n  }\r\n\r\n  \/* Mobil n\u00e9zet: 768px alatt *\/\r\n  @media (max-width: 768px) {\r\n    #map {\r\n      height: 350px;\r\n    }\r\n  }\r\n<\/style>\r\n\r\n<!-- T\u00e9rk\u00e9p kont\u00e9ner -->\r\n<div id=\"map\"><\/div>\r\n\r\n<!-- Leaflet JS -->\r\n<script src=\"https:\/\/unpkg.com\/leaflet@1.9.4\/dist\/leaflet.js\"><\/script>\r\n\r\n<!-- T\u00e9rk\u00e9p inicializ\u00e1l\u00e1sa -->\r\n<script>\r\n  \/\/ 1) T\u00e9rk\u00e9p l\u00e9trehoz\u00e1sa a G\u00f6mb utca 27 k\u00f6rny\u00e9ki koordin\u00e1t\u00e1kkal\r\n  var map = L.map('map').setView([47.5287, 19.078], 13);\r\n\r\n  \/\/ 2) OpenStreetMap csemp\u00e9k bet\u00f6lt\u00e9se\r\n  L.tileLayer('https:\/\/{s}.tile.openstreetmap.org\/{z}\/{x}\/{y}.png', {\r\n    maxZoom: 19,\r\n    attribution: '\u00a9 OpenStreetMap'\r\n  }).addTo(map);\r\n\r\n  \/\/ 3) Jel\u00f6l\u0151 elhelyez\u00e9se \u00e9s felugr\u00f3 ablak\r\n  L.marker([47.5287, 19.078])\r\n    .addTo(map)\r\n    .bindPopup(\r\n      '<em style=\"font-family:Marrieweather; font-size:16px; font-weight:600\">Bakonyi Law Firm<\/em>'\r\n    )\r\n    .openPopup();\r\n<\/script>\r\n\t\t\t\t<\/div>\n\t\t<div class=\"elementor-element elementor-element-c191dee e-con-full e-flex e-con e-child\" data-id=\"c191dee\" data-element_type=\"container\">\n\t\t\t\t<div class=\"elementor-element elementor-element-9a540ef elementor-widget elementor-widget-heading\" data-id=\"9a540ef\" data-element_type=\"widget\" data-widget_type=\"heading.default\">\n\t\t\t\t\t<h2 class=\"elementor-heading-title elementor-size-default\">Contact Us<\/h2>\t\t\t\t<\/div>\n\t\t\t\t<div class=\"elementor-element elementor-element-cbc75d2 elementor-widget elementor-widget-text-editor\" data-id=\"cbc75d2\" data-element_type=\"widget\" data-widget_type=\"text-editor.default\">\n\t\t\t\t\t\t\t\t\t<p>If you have a legal question or wish to schedule an appointment, please feel free to contact us.<br>You can reach us quickly by phone or email; we are happy to assist you.<\/p>\t\t\t\t\t\t\t\t<\/div>\n\t\t<div class=\"elementor-element elementor-element-c39b552 e-con-full e-flex e-con e-child\" data-id=\"c39b552\" data-element_type=\"container\">\n\t\t<div class=\"elementor-element elementor-element-775c2ef e-con-full e-flex e-con e-child\" data-id=\"775c2ef\" data-element_type=\"container\">\n\t\t\t\t<div class=\"elementor-element elementor-element-77a5818 elementor-view-stacked elementor-shape-circle elementor-widget elementor-widget-icon\" data-id=\"77a5818\" data-element_type=\"widget\" data-widget_type=\"icon.default\">\n\t\t\t\t\t\t\t<div class=\"elementor-icon-wrapper\">\n\t\t\t<div class=\"elementor-icon\">\n\t\t\t<svg aria-hidden=\"true\" class=\"e-font-icon-svg e-far-envelope\" viewBox=\"0 0 512 512\" xmlns=\"http:\/\/www.w3.org\/2000\/svg\"><path d=\"M464 64H48C21.49 64 0 85.49 0 112v288c0 26.51 21.49 48 48 48h416c26.51 0 48-21.49 48-48V112c0-26.51-21.49-48-48-48zm0 48v40.805c-22.422 18.259-58.168 46.651-134.587 106.49-16.841 13.247-50.201 45.072-73.413 44.701-23.208.375-56.579-31.459-73.413-44.701C106.18 199.465 70.425 171.067 48 152.805V112h416zM48 400V214.398c22.914 18.251 55.409 43.862 104.938 82.646 21.857 17.205 60.134 55.186 103.062 54.955 42.717.231 80.509-37.199 103.053-54.947 49.528-38.783 82.032-64.401 104.947-82.653V400H48z\"><\/path><\/svg>\t\t\t<\/div>\n\t\t<\/div>\n\t\t\t\t\t\t<\/div>\n\t\t\t\t<div class=\"elementor-element elementor-element-c8269b9 elementor-widget elementor-widget-text-editor\" data-id=\"c8269b9\" data-element_type=\"widget\" data-widget_type=\"text-editor.default\">\n\t\t\t\t\t\t\t\t\t<p>bakonyi@avocats.hu<\/p>\t\t\t\t\t\t\t\t<\/div>\n\t\t\t\t<\/div>\n\t\t<div class=\"elementor-element elementor-element-3b94bb0 e-con-full e-flex e-con e-child\" data-id=\"3b94bb0\" data-element_type=\"container\">\n\t\t\t\t<div class=\"elementor-element elementor-element-1d4217d elementor-view-stacked elementor-shape-circle elementor-widget elementor-widget-icon\" data-id=\"1d4217d\" data-element_type=\"widget\" data-widget_type=\"icon.default\">\n\t\t\t\t\t\t\t<div class=\"elementor-icon-wrapper\">\n\t\t\t<div class=\"elementor-icon\">\n\t\t\t<svg aria-hidden=\"true\" class=\"e-font-icon-svg e-fas-phone-alt\" viewBox=\"0 0 512 512\" xmlns=\"http:\/\/www.w3.org\/2000\/svg\"><path d=\"M497.39 361.8l-112-48a24 24 0 0 0-28 6.9l-49.6 60.6A370.66 370.66 0 0 1 130.6 204.11l60.6-49.6a23.94 23.94 0 0 0 6.9-28l-48-112A24.16 24.16 0 0 0 122.6.61l-104 24A24 24 0 0 0 0 48c0 256.5 207.9 464 464 464a24 24 0 0 0 23.4-18.6l24-104a24.29 24.29 0 0 0-14.01-27.6z\"><\/path><\/svg>\t\t\t<\/div>\n\t\t<\/div>\n\t\t\t\t\t\t<\/div>\n\t\t\t\t<div class=\"elementor-element elementor-element-804c234 elementor-widget elementor-widget-text-editor\" data-id=\"804c234\" data-element_type=\"widget\" data-widget_type=\"text-editor.default\">\n\t\t\t\t\t\t\t\t\t+36 20 912 1979 &#8211; Dr. Edit Bakonyi\t\t\t\t\t\t\t\t<\/div>\n\t\t\t\t<\/div>\n\t\t<div class=\"elementor-element elementor-element-7ef0e1c e-con-full e-flex e-con e-child\" data-id=\"7ef0e1c\" data-element_type=\"container\">\n\t\t\t\t<div class=\"elementor-element elementor-element-e075943 elementor-view-stacked elementor-shape-circle elementor-widget elementor-widget-icon\" data-id=\"e075943\" data-element_type=\"widget\" data-widget_type=\"icon.default\">\n\t\t\t\t\t\t\t<div class=\"elementor-icon-wrapper\">\n\t\t\t<div class=\"elementor-icon\">\n\t\t\t<svg aria-hidden=\"true\" class=\"e-font-icon-svg e-fas-phone-alt\" viewBox=\"0 0 512 512\" xmlns=\"http:\/\/www.w3.org\/2000\/svg\"><path d=\"M497.39 361.8l-112-48a24 24 0 0 0-28 6.9l-49.6 60.6A370.66 370.66 0 0 1 130.6 204.11l60.6-49.6a23.94 23.94 0 0 0 6.9-28l-48-112A24.16 24.16 0 0 0 122.6.61l-104 24A24 24 0 0 0 0 48c0 256.5 207.9 464 464 464a24 24 0 0 0 23.4-18.6l24-104a24.29 24.29 0 0 0-14.01-27.6z\"><\/path><\/svg>\t\t\t<\/div>\n\t\t<\/div>\n\t\t\t\t\t\t<\/div>\n\t\t\t\t<div class=\"elementor-element elementor-element-839c9a3 elementor-widget elementor-widget-text-editor\" data-id=\"839c9a3\" data-element_type=\"widget\" data-widget_type=\"text-editor.default\">\n\t\t\t\t\t\t\t\t\t+36 70 394 4309 &#8211; Dr. Zsolt D\u00e9nes Kov\u00e1cs\t\t\t\t\t\t\t\t<\/div>\n\t\t\t\t<\/div>\n\t\t<div class=\"elementor-element elementor-element-f4af112 e-con-full e-flex e-con e-child\" data-id=\"f4af112\" data-element_type=\"container\">\n\t\t\t\t<div class=\"elementor-element elementor-element-17a9f0c elementor-view-stacked elementor-shape-circle elementor-widget elementor-widget-icon\" data-id=\"17a9f0c\" data-element_type=\"widget\" data-widget_type=\"icon.default\">\n\t\t\t\t\t\t\t<div class=\"elementor-icon-wrapper\">\n\t\t\t<div class=\"elementor-icon\">\n\t\t\t<svg aria-hidden=\"true\" class=\"e-font-icon-svg e-fas-map-marker-alt\" viewBox=\"0 0 384 512\" xmlns=\"http:\/\/www.w3.org\/2000\/svg\"><path d=\"M172.268 501.67C26.97 291.031 0 269.413 0 192 0 85.961 85.961 0 192 0s192 85.961 192 192c0 77.413-26.97 99.031-172.268 309.67-9.535 13.774-29.93 13.773-39.464 0zM192 272c44.183 0 80-35.817 80-80s-35.817-80-80-80-80 35.817-80 80 35.817 80 80 80z\"><\/path><\/svg>\t\t\t<\/div>\n\t\t<\/div>\n\t\t\t\t\t\t<\/div>\n\t\t\t\t<div class=\"elementor-element elementor-element-bedcdab elementor-widget elementor-widget-text-editor\" data-id=\"bedcdab\" data-element_type=\"widget\" data-widget_type=\"text-editor.default\">\n\t\t\t\t\t\t\t\t\t<p>1139 Budapest, G\u00f6mb Street 27, 3rd floor Door 4 (doorbell 34)<\/p>\t\t\t\t\t\t\t\t<\/div>\n\t\t\t\t<\/div>\n\t\t\t\t<\/div>\n\t\t\t\t<div class=\"elementor-element elementor-element-d5eb94f elementor-widget elementor-widget-text-editor\" data-id=\"d5eb94f\" data-element_type=\"widget\" data-widget_type=\"text-editor.default\">\n\t\t\t\t\t\t\t\t\t<p>The office is easily accessible by car (parking available) and by public transport (a few minutes&#8217; walk from the R\u00f3bert K\u00e1roly k\u00f6r\u00fat stop of tram 1 and the G\u00f6ncz \u00c1rp\u00e1d v\u00e1rosk\u00f6zpont stop of metro line 3).<\/p>\t\t\t\t\t\t\t\t<\/div>\n\t\t\t\t<\/div>\n\t\t\t\t<\/div>\n\t\t\t\t\t<\/div>\n\t\t\t\t<\/div>\n\t\t\t\t<\/div>\n\t\t","protected":false},"excerpt":{"rendered":"<p>Blog In our law firm&#8217;s blog, we write about current legal topics, practical experiences, and important legislative changes. Through our articles, we aim not only to inform but also to provide guidance for navigating the world of law. Contact Us If you have a legal question or wish to schedule an appointment, please feel free [&hellip;]<\/p>\n","protected":false},"author":1,"featured_media":0,"parent":0,"menu_order":0,"comment_status":"closed","ping_status":"closed","template":"","meta":{"footnotes":""},"class_list":["post-419","page","type-page","status-publish","hentry"],"yoast_head":"<!-- This site is optimized with the Yoast SEO plugin v26.2 - https:\/\/yoast.com\/wordpress\/plugins\/seo\/ -->\n<title>Blog - Bakonyi \u00dcgyv\u00e9di Iroda<\/title>\n<meta name=\"robots\" content=\"index, follow, max-snippet:-1, max-image-preview:large, max-video-preview:-1\" \/>\n<link rel=\"canonical\" href=\"https:\/\/bakonyiavocats.hu\/en\/blog\/\" \/>\n<meta property=\"og:locale\" content=\"en_US\" \/>\n<meta property=\"og:type\" content=\"article\" \/>\n<meta property=\"og:title\" content=\"Blog - Bakonyi \u00dcgyv\u00e9di Iroda\" \/>\n<meta property=\"og:description\" content=\"Blog In our law firm&#8217;s blog, we write about current legal topics, practical experiences, and important legislative changes. Through our articles, we aim not only to inform but also to provide guidance for navigating the world of law. Contact Us If you have a legal question or wish to schedule an appointment, please feel free [&hellip;]\" \/>\n<meta property=\"og:url\" content=\"https:\/\/bakonyiavocats.hu\/en\/blog\/\" \/>\n<meta property=\"og:site_name\" content=\"Bakonyi \u00dcgyv\u00e9di Iroda\" \/>\n<meta property=\"article:modified_time\" content=\"2025-11-10T17:24:08+00:00\" \/>\n<meta name=\"twitter:card\" content=\"summary_large_image\" \/>\n<meta name=\"twitter:label1\" content=\"Est. reading time\" \/>\n\t<meta name=\"twitter:data1\" content=\"1 minute\" \/>\n<script type=\"application\/ld+json\" class=\"yoast-schema-graph\">{\"@context\":\"https:\/\/schema.org\",\"@graph\":[{\"@type\":\"WebPage\",\"@id\":\"https:\/\/bakonyiavocats.hu\/en\/blog\/\",\"url\":\"https:\/\/bakonyiavocats.hu\/en\/blog\/\",\"name\":\"Blog - Bakonyi \u00dcgyv\u00e9di Iroda\",\"isPartOf\":{\"@id\":\"https:\/\/bakonyiavocats.hu\/en\/#website\"},\"datePublished\":\"2025-09-01T19:45:34+00:00\",\"dateModified\":\"2025-11-10T17:24:08+00:00\",\"breadcrumb\":{\"@id\":\"https:\/\/bakonyiavocats.hu\/en\/blog\/#breadcrumb\"},\"inLanguage\":\"en-US\",\"potentialAction\":[{\"@type\":\"ReadAction\",\"target\":[\"https:\/\/bakonyiavocats.hu\/en\/blog\/\"]}]},{\"@type\":\"BreadcrumbList\",\"@id\":\"https:\/\/bakonyiavocats.hu\/en\/blog\/#breadcrumb\",\"itemListElement\":[{\"@type\":\"ListItem\",\"position\":1,\"name\":\"Kezd\u0151lap\",\"item\":\"https:\/\/bakonyiavocats.hu\/en\/\"},{\"@type\":\"ListItem\",\"position\":2,\"name\":\"Blog\"}]},{\"@type\":\"WebSite\",\"@id\":\"https:\/\/bakonyiavocats.hu\/en\/#website\",\"url\":\"https:\/\/bakonyiavocats.hu\/en\/\",\"name\":\"Bakonyi \u00dcgyv\u00e9di Iroda\",\"description\":\"\",\"publisher\":{\"@id\":\"https:\/\/bakonyiavocats.hu\/en\/#organization\"},\"potentialAction\":[{\"@type\":\"SearchAction\",\"target\":{\"@type\":\"EntryPoint\",\"urlTemplate\":\"https:\/\/bakonyiavocats.hu\/en\/?s={search_term_string}\"},\"query-input\":{\"@type\":\"PropertyValueSpecification\",\"valueRequired\":true,\"valueName\":\"search_term_string\"}}],\"inLanguage\":\"en-US\"},{\"@type\":\"Organization\",\"@id\":\"https:\/\/bakonyiavocats.hu\/en\/#organization\",\"name\":\"Bakonyi \u00dcgyv\u00e9di Iroda\",\"url\":\"https:\/\/bakonyiavocats.hu\/en\/\",\"logo\":{\"@type\":\"ImageObject\",\"inLanguage\":\"en-US\",\"@id\":\"https:\/\/bakonyiavocats.hu\/en\/#\/schema\/logo\/image\/\",\"url\":\"https:\/\/bakonyiavocats.hu\/wp-content\/uploads\/2025\/07\/bakonyi_logo_fekete_400.png\",\"contentUrl\":\"https:\/\/bakonyiavocats.hu\/wp-content\/uploads\/2025\/07\/bakonyi_logo_fekete_400.png\",\"width\":400,\"height\":400,\"caption\":\"Bakonyi \u00dcgyv\u00e9di Iroda\"},\"image\":{\"@id\":\"https:\/\/bakonyiavocats.hu\/en\/#\/schema\/logo\/image\/\"}}]}<\/script>\n<!-- \/ Yoast SEO plugin. -->","yoast_head_json":{"title":"Blog - Bakonyi \u00dcgyv\u00e9di Iroda","robots":{"index":"index","follow":"follow","max-snippet":"max-snippet:-1","max-image-preview":"max-image-preview:large","max-video-preview":"max-video-preview:-1"},"canonical":"https:\/\/bakonyiavocats.hu\/en\/blog\/","og_locale":"en_US","og_type":"article","og_title":"Blog - Bakonyi \u00dcgyv\u00e9di Iroda","og_description":"Blog In our law firm&#8217;s blog, we write about current legal topics, practical experiences, and important legislative changes. Through our articles, we aim not only to inform but also to provide guidance for navigating the world of law. Contact Us If you have a legal question or wish to schedule an appointment, please feel free [&hellip;]","og_url":"https:\/\/bakonyiavocats.hu\/en\/blog\/","og_site_name":"Bakonyi \u00dcgyv\u00e9di Iroda","article_modified_time":"2025-11-10T17:24:08+00:00","twitter_card":"summary_large_image","twitter_misc":{"Est. reading time":"1 minute"},"schema":{"@context":"https:\/\/schema.org","@graph":[{"@type":"WebPage","@id":"https:\/\/bakonyiavocats.hu\/en\/blog\/","url":"https:\/\/bakonyiavocats.hu\/en\/blog\/","name":"Blog - Bakonyi \u00dcgyv\u00e9di Iroda","isPartOf":{"@id":"https:\/\/bakonyiavocats.hu\/en\/#website"},"datePublished":"2025-09-01T19:45:34+00:00","dateModified":"2025-11-10T17:24:08+00:00","breadcrumb":{"@id":"https:\/\/bakonyiavocats.hu\/en\/blog\/#breadcrumb"},"inLanguage":"en-US","potentialAction":[{"@type":"ReadAction","target":["https:\/\/bakonyiavocats.hu\/en\/blog\/"]}]},{"@type":"BreadcrumbList","@id":"https:\/\/bakonyiavocats.hu\/en\/blog\/#breadcrumb","itemListElement":[{"@type":"ListItem","position":1,"name":"Kezd\u0151lap","item":"https:\/\/bakonyiavocats.hu\/en\/"},{"@type":"ListItem","position":2,"name":"Blog"}]},{"@type":"WebSite","@id":"https:\/\/bakonyiavocats.hu\/en\/#website","url":"https:\/\/bakonyiavocats.hu\/en\/","name":"Bakonyi \u00dcgyv\u00e9di Iroda","description":"","publisher":{"@id":"https:\/\/bakonyiavocats.hu\/en\/#organization"},"potentialAction":[{"@type":"SearchAction","target":{"@type":"EntryPoint","urlTemplate":"https:\/\/bakonyiavocats.hu\/en\/?s={search_term_string}"},"query-input":{"@type":"PropertyValueSpecification","valueRequired":true,"valueName":"search_term_string"}}],"inLanguage":"en-US"},{"@type":"Organization","@id":"https:\/\/bakonyiavocats.hu\/en\/#organization","name":"Bakonyi \u00dcgyv\u00e9di Iroda","url":"https:\/\/bakonyiavocats.hu\/en\/","logo":{"@type":"ImageObject","inLanguage":"en-US","@id":"https:\/\/bakonyiavocats.hu\/en\/#\/schema\/logo\/image\/","url":"https:\/\/bakonyiavocats.hu\/wp-content\/uploads\/2025\/07\/bakonyi_logo_fekete_400.png","contentUrl":"https:\/\/bakonyiavocats.hu\/wp-content\/uploads\/2025\/07\/bakonyi_logo_fekete_400.png","width":400,"height":400,"caption":"Bakonyi \u00dcgyv\u00e9di Iroda"},"image":{"@id":"https:\/\/bakonyiavocats.hu\/en\/#\/schema\/logo\/image\/"}}]}},"_links":{"self":[{"href":"https:\/\/bakonyiavocats.hu\/en\/wp-json\/wp\/v2\/pages\/419","targetHints":{"allow":["GET"]}}],"collection":[{"href":"https:\/\/bakonyiavocats.hu\/en\/wp-json\/wp\/v2\/pages"}],"about":[{"href":"https:\/\/bakonyiavocats.hu\/en\/wp-json\/wp\/v2\/types\/page"}],"author":[{"embeddable":true,"href":"https:\/\/bakonyiavocats.hu\/en\/wp-json\/wp\/v2\/users\/1"}],"replies":[{"embeddable":true,"href":"https:\/\/bakonyiavocats.hu\/en\/wp-json\/wp\/v2\/comments?post=419"}],"version-history":[{"count":5,"href":"https:\/\/bakonyiavocats.hu\/en\/wp-json\/wp\/v2\/pages\/419\/revisions"}],"predecessor-version":[{"id":674,"href":"https:\/\/bakonyiavocats.hu\/en\/wp-json\/wp\/v2\/pages\/419\/revisions\/674"}],"wp:attachment":[{"href":"https:\/\/bakonyiavocats.hu\/en\/wp-json\/wp\/v2\/media?parent=419"}],"curies":[{"name":"wp","href":"https:\/\/api.w.org\/{rel}","templated":true}]}}